{"id":23837,"date":"2022-03-13T13:53:34","date_gmt":"2022-03-13T12:53:34","guid":{"rendered":"https:\/\/kontrabant.si\/termini-e-condizioni\/"},"modified":"2025-01-20T19:49:04","modified_gmt":"2025-01-20T18:49:04","slug":"termini-e-condizioni","status":"publish","type":"page","link":"https:\/\/kontrabant.si\/it\/termini-e-condizioni\/","title":{"rendered":"Termini e condizioni"},"content":{"rendered":"\n<h2 class=\"wp-block-heading\">Informazioni sul fornitore<\/h2>\n\n\n\n<p>Il portale web www.kontrabant.si\/it \u00e8 gestito dall\u2019azienda<br>Kontrabant d.o.o., v nadaljevanju prodajalec<br>Vipol\u017ee 76b 5215 Dobrovo v Brdih, SI<br>Slovenija, EU<br>D\u0160: SI90813499<br>M\u0160: 6556523000<br>Elektronski naslov: <a href=\"mailto:info@kontrabant.si\">info@kontrabant.si<\/a><br>Telefon: +386 31 363 179<br>Podjetje Kontrabant d.o.o. je vpisano v sodni register pri Okro\u017enem sodi\u0161\u010du v Novi Gorici (Srg. \u0161tevilka 2014\/8077) kot dru\u017eba z omejeno odgovornostjo z vpla\u010danim osnovnim kapitalom v vi\u0161ini 7.500 EUR.<\/p>\n\n\n\n<h2 class=\"wp-block-heading\">Disponibilit\u00e0 di informazioni prima della conclusione del contratto<\/h2>\n\n\n\n<p>Il venditore si impegna a fornire all\u2019acquirente le seguenti informazioni prima che il contratto o l\u2019offerta lo vincolano:<\/p>\n\n\n\n<ul class=\"wp-block-list\">\n<li>le caratteristiche principali dei beni o servizi nella misura adeguata al mezzo e ai beni o servizi,<\/li>\n\n\n\n<li>il prezzo finale dei beni o servizi, tasse incluse, o il metodo di calcolo del prezzo se, a causa della natura dei beni o servizi, non pu\u00f2 essere calcolato in anticipo,<\/li>\n\n\n\n<li>informazioni su eventuali costi aggiuntivi di trasporto, consegna o spedizione o un avviso che tali costi potrebbero essere sostenuti se non possono essere calcolati in anticipo,<\/li>\n\n\n\n<li>informacija o morebitnih dodatnih stro\u0161kih prevoza, dostave ali po\u0161iljanja ali opozorilo, da taki stro\u0161ki lahko nastanejo, \u010de jih ni mogo\u010de vnaprej izra\u010dunati,<\/li>\n\n\n\n<li>i termini e le condizioni di pagamento della consegna e dell&#8217;esecuzione del servizio, il termine per la consegna dei beni o l&#8217;esecuzione del servizio, ove necessario,<\/li>\n\n\n\n<li>informazioni sulla procedura di reclamo dell&#8217;azienda o una spiegazione della procedura di reclamo, inclusi eventuali dettagli sulla persona di contatto o sul servizio clienti<\/li>\n\n\n\n<li>l\u2019indirizzo in cui l\u2019impresa opera effettivamente, il numero di telefono, il numero di fax e l\u2019indirizzo e-mail dell\u2019impresa, ove disponibile, e, ove applicabile, la ragione sociale e la sede legale dell\u2019impresa per conto della quale essa opera e per la quale il consumatore pu\u00f2 indirizzare il suo reclamo,<\/li>\n\n\n\n<li>condizioni, termini e modalit\u00e0 per esercitare il diritto di recedere dal contratto senza indicarne il motivo ai sensi degli articoli 43.\u010d e 43.d della ZVPot unitamente al modulo di recesso di cui all\u2019articolo b43.d<\/li>\n\n\n\n<li>il termine entro il quale \u00e8 possibile recedere dal contratto e le condizioni per il recesso (descrizione del diritto di recesso ai sensi dell\u2019articolo 43.\u010d ZVPot; nei casi in cui il consumatore non abbia diritto di recesso ai sensi dell\u2019articolo 43.\u010d ZVPot, \u00e8 esplicitamente informato),<\/li>\n\n\n\n<li>opzioni di risoluzione extragiudiziale delle controversie e altri rimedi legali applicabili alle imprese e alla loro accessibilit\u00e0<\/li>\n<\/ul>\n\n\n\n<h2 class=\"wp-block-heading\">Utilizzo del negozio online da parte di minorenni<\/h2>\n\n\n\n<p>Il venditore non accetta ordini da persone di et\u00e0 inferiore ai 18 anni. L\u2019acquirente deve essere maggiorenne al momento dell\u2019effettuazione dell\u2019ordine. In caso contrario, il venditore recede immediatamente dal contratto. Accettando i termini e le condizioni generali, confermi di avere pi\u00f9 di 18 anni.<br>Il ministro della Salute avverte: il consumo eccessivo di alcol \u00e8 dannoso per la salute.   <\/p>\n\n\n\n<h2 class=\"wp-block-heading\"><\/h2>\n\n\n\n<p>La fattura emessa \u00e8 valida come biglietto per l\u2019evento Open Cellars Days. Il giorno dell\u2019evento, il cliente prende in consegna il bicchiere, la borsa per il bicchiere e il braccialetto, nonch\u00e9 qualsiasi altro servizio o prodotto acquistato, presso il punto di raccolta presso il Castello di Dobrovo. L\u2019accettazione si intende integralmente, per tutti i prodotti indicati in fattura nei giorni 11 e 12 giugno 2022 dalle ore 9:00 alle ore 17:00.     <\/p>\n\n\n\n<h2 class=\"wp-block-heading\">Accettazione degli articoli<\/h2>\n\n\n\n<p>L\u2019acquirente pu\u00f2 prendere in consegna gli ordini effettuati per gli articoli esclusivamente di persona nell\u2019area del Comune di Brda previo accordo del luogo e della data.<\/p>\n\n\n\n<h2 class=\"wp-block-heading\">Recesso dal contratto al momento dell\u2019acquisto dei biglietti<\/h2>\n\n\n\n<p>Il consumatore ha il diritto di informare il venditore entro 14 giorni dal ricevimento degli articoli che sta recedendo dal contratto, senza dover motivare la sua decisione. Il termine decorre dal giorno successivo al ricevimento dell\u2019oggetto. Solo il recesso scritto via e-mail o posta \u00e8 considerato un recesso valido dal contratto. In caso di recesso dal contratto, il consumatore restituisce l\u2019oggetto ricevuto per posta all\u2019indirizzo del venditore o lo porta personalmente all\u2019indirizzo del venditore all\u2019ora concordata.   <\/p>\n\n\n\n<p>Il consumatore pu\u00f2 ispezionare e testare gli articoli nella misura strettamente necessaria per stabilire la situazione reale. Il test di un articolo che si discosta da quanto sopra \u00e8 considerato utilizzo di articoli, il che significa che il consumatore perde il diritto di recedere dal contratto. L\u2019oggetto deve essere restituito al venditore entro e non oltre 30 giorni dalla comunicazione di recesso dal contratto (acquisto).  <\/p>\n\n\n\n<h2 class=\"wp-block-heading\">Affermare un errore reale<\/h2>\n\n\n\n<p>Il venditore \u00e8 tenuto a consegnare la merce al consumatore in conformit\u00e0 al contratto, pur essendo responsabile degli errori di fatto e di diritto nella sua esecuzione.<br>L\u2019errore \u00e8 reale:<\/p>\n\n\n\n<ul class=\"wp-block-list\">\n<li>se la cosa non possiede le propriet\u00e0 necessarie al suo normale uso o alla circolazione;<\/li>\n\n\n\n<li>se la cosa non possiede le propriet\u00e0 necessarie per l\u2019uso speciale per il quale l\u2019acquirente la acquista, ma che era noto al venditore o avrebbe dovuto essergli noto;<\/li>\n\n\n\n<li>se la cosa non ha le qualit\u00e0 e le qualit\u00e0 che sono state esplicitamente o tacitamente concordate o prescritte.<\/li>\n<\/ul>\n\n\n\n<p>L\u2019idoneit\u00e0 dei beni all\u2019uso normale \u00e8 valutata alla luce di beni normali dello stesso tipo e tenendo conto di eventuali dichiarazioni del venditore sulle caratteristiche del bene fatte dal venditore o dal produttore, in particolare tramite pubblicit\u00e0, presentazione del prodotto o indicazione su le merci stesse. Alla responsabilit\u00e0 per errori materiali e legali si applicano le disposizioni di legge che disciplinano gli obblighi, salvo diversa disposizione della presente legge. Il consumatore pu\u00f2 esercitare i diritti derivanti da un vizio materiale se denuncia il vizio al venditore entro due mesi dal giorno in cui il vizio \u00e8 stato scoperto. Il consumatore deve descrivere il difetto in modo pi\u00f9 dettagliato nella notifica del difetto e consentire al venditore di ispezionare l\u2019articolo. Il consumatore notifica personalmente il difetto al venditore. Il venditore non risponde dei vizi materiali della merce che si manifestino trascorsi due anni dalla consegna della cosa.     <\/p>\n\n\n\n<h2 class=\"wp-block-heading\">Metodi di pagamento<\/h2>\n\n\n\n<h3 class=\"wp-block-heading\">Gli acquisti nei negozi online possono essere effettuati nei seguenti modi:<\/h3>\n\n\n\n<ul class=\"wp-block-list\">\n<li>Pagamento secondo fattura proforma, che dovr\u00e0 essere effettuata entro il termine di pagamento, in caso contrario il venditore ha diritto di recedere dal contratto. Il pagamento si considera effettuato il giorno in cui l\u2019acquirente d\u00e0 l\u2019ordine di pagamento alla banca o ad altro organismo di pagamento. Il biglietto (fattura) viene emesso quando riceviamo i relativi fondi sul nostro conto bancario:<br>Kontrabant d.o.o., Vipol\u017ee 76b 5215 Dobrovo v Brdih, SI<br>TRR SI56 0475 0000 2245 795, odprt pri NKBM d.d., SWIFT: KBMASI2X<br>Za sklic uporabite SI00 in \u0161tevilko ra\u010duna  <\/li>\n\n\n\n<li>Utilizzare una carta di pagamento o di credito tramite il sistema di pagamento Stripe (Visa, Mastercard, Maestro e American Express). In questo caso il biglietto (fattura) viene emesso immediatamente. <\/li>\n<\/ul>\n\n\n\n<h2 class=\"wp-block-heading\">Prezzi<\/h2>\n\n\n\n<p>I prezzi sono in EUR e sono comprensivi di IVA. Il prezzo visualizzato alla fine dell\u2019ordine \u00e8 il prezzo finale. Il venditore si riserva il diritto di modificare i prezzi. Il prezzo che viene pubblicato il giorno dell\u2019ordine, ad es. il giorno della conclusione e dell\u2019aggiudicazione dell\u2019appalto.    <\/p>\n\n\n\n<h2 class=\"wp-block-heading\">Procedura di ricorso<\/h2>\n\n\n\n<p>Presentare il reclamo per iscritto all\u2019indirizzo e-mail info@dokbrda.si. Nel reclamo, fornisci le tue informazioni di contatto e una descrizione dettagliata del reclamo. Il venditore si impegna a prendere sul serio tutti i reclami ea cercare di trovare un modo adeguato per soddisfarli. I reclami vengono risolti dall\u2019acquirente del biglietto e dal venditore entro il periodo di reclamo, che \u00e8 di otto (8) giorni dal ricevimento di un reclamo scritto da parte del denunciante. Entro tale termine, il venditore, in qualit\u00e0 di intermediario nella vendita dei biglietti, \u00e8 tenuto a fornire al reclamante una risposta scritta o orale al reclamo.    <\/p>\n\n\n\n<h2 class=\"wp-block-heading\">Risoluzione extragiudiziale delle controversie dei consumatori<\/h2>\n\n\n\n<p>In conformit\u00e0 con le norme legali Kontrabant d.o.o. non riconosce alcun fornitore di risoluzione extragiudiziale delle controversie dei consumatori competente per la risoluzione delle controversie dei consumatori che potrebbero essere avviate dal consumatore ai sensi della legge sulla risoluzione extragiudiziale delle controversie dei consumatori. Kontrabant d.o.o. consente il commercio online nel territorio della Repubblica di Slovenia, pubblica sul proprio sito Web un collegamento elettronico alla piattaforma online di risoluzione delle controversie dei consumatori (SRPS):<br><a href=\"https:\/\/ec.europa.eu\/consumers\/odr\">https:\/\/ec.europa.eu\/consumers\/odr<\/a><\/p>\n\n\n\n<p>Detto regolamento deriva dalla Legge sulla risoluzione extragiudiziale delle controversie dei consumatori, Regolamento (UE) n. Regolamento (CE) n. 524\/2013 del Parlamento europeo e del Consiglio sulla risoluzione online delle controversie dei consumatori e che modifica il regolamento (CE) n. 2016\/2004 e Direttiva 2009\/22\/ES.  <\/p>\n\n\n\n<h2 class=\"wp-block-heading\">Accendi la mente, chiedi un conto<\/h2>\n\n\n\n<p>Il venditore deve emettere fattura per la fornitura di beni o servizi e consegnarla all\u2019acquirente.<\/p>\n","protected":false},"excerpt":{"rendered":"<p>Informazioni sul fornitore Il portale web www.kontrabant.si\/it \u00e8 gestito dall\u2019aziendaKontrabant d.o.o., v nadaljevanju prodajalecVipol\u017ee 76b 5215 Dobrovo v Brdih, SISlovenija, EUD\u0160: SI90813499M\u0160: 6556523000Elektronski naslov: info@kontrabant.siTelefon: +386 31 363 179Podjetje Kontrabant d.o.o. je vpisano v sodni register pri Okro\u017enem sodi\u0161\u010du v Novi Gorici (Srg. \u0161tevilka 2014\/8077) kot dru\u017eba z omejeno odgovornostjo z vpla\u010danim osnovnim kapitalom v [&hellip;]<\/p>\n","protected":false},"author":1,"featured_media":0,"parent":0,"menu_order":0,"comment_status":"closed","ping_status":"closed","template":"","meta":{"footnotes":""},"class_list":["post-23837","page","type-page","status-publish","hentry"],"_links":{"self":[{"href":"https:\/\/kontrabant.si\/it\/wp-json\/wp\/v2\/pages\/23837","targetHints":{"allow":["GET"]}}],"collection":[{"href":"https:\/\/kontrabant.si\/it\/wp-json\/wp\/v2\/pages"}],"about":[{"href":"https:\/\/kontrabant.si\/it\/wp-json\/wp\/v2\/types\/page"}],"author":[{"embeddable":true,"href":"https:\/\/kontrabant.si\/it\/wp-json\/wp\/v2\/users\/1"}],"replies":[{"embeddable":true,"href":"https:\/\/kontrabant.si\/it\/wp-json\/wp\/v2\/comments?post=23837"}],"version-history":[{"count":1,"href":"https:\/\/kontrabant.si\/it\/wp-json\/wp\/v2\/pages\/23837\/revisions"}],"predecessor-version":[{"id":24948,"href":"https:\/\/kontrabant.si\/it\/wp-json\/wp\/v2\/pages\/23837\/revisions\/24948"}],"wp:attachment":[{"href":"https:\/\/kontrabant.si\/it\/wp-json\/wp\/v2\/media?parent=23837"}],"curies":[{"name":"wp","href":"https:\/\/api.w.org\/{rel}","templated":true}]}}